{"id":650,"date":"2019-06-05T16:12:17","date_gmt":"2019-06-05T14:12:17","guid":{"rendered":"http:\/\/menaka.schaumaeler.de\/\/?page_id=650"},"modified":"2019-10-01T12:22:41","modified_gmt":"2019-10-01T10:22:41","slug":"rezeption","status":"publish","type":"page","link":"https:\/\/menaka-archive.org\/en\/rezeption\/","title":{"rendered":"Press reviews"},"content":{"rendered":"<span class=\"tlid-translation translation\" lang=\"en\">From January 1936 onward, announcements, preliminary reports and reviews of the performances of the Menaka Ballet in the local and national newspapers along the venues of the tour in Germany were published on a daily basis. In 1936 alone, these were several hundred texts in about 150 different venues.<\/span><\/p>\n<blockquote><p><span class=\"tlid-translation translation\" lang=\"en\"><br \/>\n&#8220;One could see the words &#8220;Indian ballet&#8221; on all billboards, one saw the foreign, the strange and that was enough to unleash a feverish activity to have seen such a thing at all costs. Also here, all seats were sold out well before the event and on the evening of the performance, the square in front of our small theater resembled a fashionable seaside resort, which invited its guests to a great open air &#8211; concert.&#8221;<br \/>\n(Ammergauer-Zeitung, 25.08.1936)<\/span><\/p><\/blockquote>\n<p><span class=\"tlid-translation translation\" lang=\"en\"><br \/>\nThe tour&#8217;s impresario, Ernst Krauss, had been doing meticulous public relations in advance of all the events, thus setting a specific framework for the reception of the Indian ballet in Germany. In turn, the press review that Krauss compiled and continuously updated for his Menaka portfolio draws a consistently euphoric picture of the audience&#8217;s reactions. In the archive of the Konzertdirektion Krauss, however, only these reviews of Menaka&#8217;s performances have been collected, which were of particular interest to Krauss&#8217;s PR work. The complete spectrum of these reviews actually draws a much more differentiated image. The comments of the German critics were indeed contradictory and ranged from exotistic speculations, detailed descriptions of aesthetic transcendential experiences to sensitive ethnographic descriptions. The reports also contain some detailed observations on the actual circumstances of the performances and thus complete the picture of these two years in which Menaka traveled with her dancers and accompanying musicians through Germany and performed virtually every evening her program before a &#8220;applauding and sometimes dumb laughing audience &#8220;[1].<\/span><\/p>\n<p>Nonetheless, from today&#8217;s point of view, of course, an affirmative reading of these texts as immediate representations of the performative events is hardly possible. Much too obvious is the ideological rhetoric of many reviews, much too clearly they reveal their partly racist foundation, much too outdated are the metaphors of the writing style of the 1930s. Obviously<span class=\"tlid-translation translation\" lang=\"en\"> the observations of the audience &#8211; were framed by a vast number of discourses rather than by the actual happening on the stage. <\/span><span class=\"tlid-translation translation\" lang=\"en\">In many respects, the texts are a proof for the <span class=\"\" title=\"\">impossibility<\/span> of an adequate medial representation of the ephemeral performance<\/span><span class=\"tlid-translation translation\" lang=\"en\">. The descriptions are mediated on many levels and are to be regarded as complex intertextual objects. They deal not only with<\/span><span class=\"tlid-translation translation\" lang=\"en\"> their respective ideological disposition, but also, for example, with the relationships between authors and readership, media-politics of the newspapers themselves, current political references, regional dynamics and the relationship between province and metropolis &#8211; etc..<br \/>\nUndoubtedly, the descriptions of Menaka&#8217;s Indian ballet served as a basis for a cultural self-assurance of the Germans under the auspices of NS-regime. This is illustrated by the various approaches with which the reviewers tried to frame the Indian ballet in the context of a folk-based cultural theory. However, it also turns out that the texts can\u00a0 be read as documents of a &#8220;reorganization of anthropological knowledge stocks&#8221;, as Hannelore Bublitz puts it, which went hand in hand with the &#8220;discovery&#8221; of the body as a cultural archive, a body that resembles always an &#8220;already symbolically meaningful,&gt; spoken body &lt; which refers<\/span><span class=\"tlid-translation translation\" lang=\"en\"> to &#8220;cultural and social body codes&#8221; that make the body a projection screen for &#8220;historically changing inscriptions.&#8221;<\/span><\/p>\n<p>The many readings of the Menaka performances as <span class=\"tlid-translation translation\" lang=\"en\">folklore, make it easy to forget, that the interest in folklore was a feature of all European modernism at the beginning of the 20th century. Inge Baxmann has pointed out that the connection of the folk movement with the nationalist movement in Germany was virtually inevitable.\u00a0 According to her, even in France in the 1920s, within a left-liberal political context, the understanding of the cultural body was adressed in much the same way as in Germany. <\/span><span class=\"tlid-translation translation\" lang=\"en\">The appropriation of the Indian ballets for a theory of NS-aesthetics is only one of the various readings that the observers of Menakas performances developed in 1936. Rather, there was a broad discursive trend in Germany in 1936, which, with a certain &#8220;ethnopathos&#8221; (Hannelore Bublitz), was in search of a contemporary understanding of culture. <\/span><span class=\"tlid-translation translation\" lang=\"en\"><span title=\"\">Thus, the Menaka performances, in their apparent authenticity, provided evidence for a multitude of anthropological considerations, which were mediated by the re-enactment character of the program as well as by its claim to artistic validity.<\/span><\/span><\/p>\n<p><span class=\"\" title=\"\">Finally, the reports also generate evidence as a genre of literature in its own right &#8211; in the format of the two-column Feuilleton-review.<\/span> <span class=\"\" title=\"\">The specific aesthetical, political, and scientifical discourses of these reports are expressed in an average of 500 words, and the authors often make skillful use of writing techniques to condense their perceptions of the Indian ballet as a hub,&#8221;where structures of experience, emotions and knowledge converge, but also as a battleground, where the construction of tradition and the redefinition of the popular was fought.&#8221;<br \/>\n<\/span><\/p>\n<p><a href=\"#_ftn6\" name=\"_ftnref6\"><\/a><a href=\"#_ftn7\" name=\"_ftnref7\"><\/a><\/p>\n<p><a href=\"#_ftnref1\" name=\"_ftn1\">[1]<\/a> Hav., \u201eIndiens mystisches L\u00e4cheln, Menaka mit Tanzgruppe und Hinduorchester im Stadttheater\u201c, <em>Westf\u00e4lische Neueste Nachrichten<\/em>, 7. M\u00e4rz 1936, Stadtarchiv Bielefeld.<\/p>\n<p><a href=\"#_ftnref2\" name=\"_ftn2\">[2]<\/a> Hannelore Bublitz, <em>Das Archiv des K\u00f6rpers\u202f: Konstruktionsapparate, Materialit\u00e4ten und Phantasmen<\/em>, Sozialtheorie (Bielefeld: transcript, 2018).<\/p>\n<p><a href=\"#_ftnref3\" name=\"_ftn3\">[3]<\/a> Die Verquickung von Folklore und Nationalpolitik hatte in ganz Europa kontinuierliche Entsprechungen. \u00c4hnliche Muster einer \u201esoziokulturellen Anti-Modernisierung\u201c hat beispielsweise Cecile Stehrenberger in \u201eFrancos T\u00e4nzerinnen\u201c anhand der Tourneen der folkloristischen Choros y Danzas-Gruppen im francistischen Spanien in den 1950er Jahren nachgezeichnet. Im Anschluss an McClintock spricht sie von der Herauskristallisierung einer\u00a0 \u201ejanusk\u00f6pfige Idee von Nation\u201c [\u2026], deren eines Gesicht in Richtung einer nebul\u00f6sen Vergangenheit und deren anderes in eine unbestimmte Zukunft gerichtet war.\u201c Anne McClintock, \u201e\u201aNo longer in a future heaven\u2018: nationalism, gender, and race\u201c, <em>Becoming national\u202f: a reader<\/em>, 1996, 260\u201384.<\/p>\n<p><a href=\"#_ftnref4\" name=\"_ftn4\">[4]<\/a> Siehe dazu Simon Frisch, Elisabeth Fritz, und Rita Rieger, Hrsg., <em>Spektakel als \u00e4sthetische Kategorie: Theorien und Praktiken<\/em>, Bd. Band 5, Inter-media, Band 5 (Paderborn: Wilhelm Fink, Brill Deutschland, 2018).<\/p>\n<p><a href=\"#_ftnref5\" name=\"_ftn5\">[5]<\/a> Der Tourneeplan aus dem Nachlass des Impresarios Ernst Krauss f\u00fcr das Jahr 1936 hat sich weitestgehend als korrekt erwiesen. 186 Spielorte enth\u00e4lt der Plan f\u00fcr das Jahr 1936, 109 davon liegen in Deutschland. Krauss\u2018 Planung reicht aber lediglich bis in den Januar 1937. Der weitere Verlauf der Tour im Jahr 1937 lie\u00df sich aus dem Krauss-Nachlass bisher nicht rekonstruieren. M\u00f6glicherweise \u00fcbernahm ab 1937 auch die Mannheimer Konzertdirektion, die mit Krauss offenbar kooperierte, die weitere Organisation der Tournee.<\/p>\n<p><a href=\"#_ftnref6\" name=\"_ftn6\">[6]<\/a> Baxmann?","protected":false},"excerpt":{"rendered":"<p>From January 1936 onward, announcements, preliminary reports and reviews of the performances of the Menaka Ballet in the local and national newspapers along the venues of the tour in Germany were published on a daily basis. In 1936 alone, these were several hundred texts in about 150 different venues. &#8220;One could see the words &#8220;Indian&#8230;<\/p>\n","protected":false},"author":1,"featured_media":0,"parent":0,"menu_order":0,"comment_status":"closed","ping_status":"closed","template":"","meta":{"footnotes":""},"class_list":["post-650","page","type-page","status-publish","hentry"],"acf":{"kurzbeschreibung":"Vom Januar 1936 an erschienen im Tagesrhythmus Ank\u00fcndigungen, Vorberichte und Rezensionen zu den Auff\u00fchrungen des Menaka-Balletts in den lokalen und \u00fcberregionalen Zeitungen entlang der Spielorte der Tournee in Deutschland. Allein im Jahr 1936 waren das bei etwa 150 verschiedenen Spielst\u00e4tten mehrere hundert Texte.","verweise_intern":false,"verweise_extern":false},"_links":{"self":[{"href":"https:\/\/menaka-archive.org\/en\/wp-json\/wp\/v2\/pages\/650","targetHints":{"allow":["GET"]}}],"collection":[{"href":"https:\/\/menaka-archive.org\/en\/wp-json\/wp\/v2\/pages"}],"about":[{"href":"https:\/\/menaka-archive.org\/en\/wp-json\/wp\/v2\/types\/page"}],"author":[{"embeddable":true,"href":"https:\/\/menaka-archive.org\/en\/wp-json\/wp\/v2\/users\/1"}],"replies":[{"embeddable":true,"href":"https:\/\/menaka-archive.org\/en\/wp-json\/wp\/v2\/comments?post=650"}],"version-history":[{"count":12,"href":"https:\/\/menaka-archive.org\/en\/wp-json\/wp\/v2\/pages\/650\/revisions"}],"predecessor-version":[{"id":2208,"href":"https:\/\/menaka-archive.org\/en\/wp-json\/wp\/v2\/pages\/650\/revisions\/2208"}],"wp:attachment":[{"href":"https:\/\/menaka-archive.org\/en\/wp-json\/wp\/v2\/media?parent=650"}],"curies":[{"name":"wp","href":"https:\/\/api.w.org\/{rel}","templated":true}]}}